{"id":474749,"date":"2024-11-19T12:06:44","date_gmt":"2024-11-19T17:06:44","guid":{"rendered":"https:\/\/towtruck-staging.tangiblelaunchpad.com\/?page_id=474749"},"modified":"2025-06-02T05:12:25","modified_gmt":"2025-06-02T09:12:25","slug":"certificate-upload-success-french","status":"publish","type":"page","link":"https:\/\/towtruck-staging.tangiblelaunchpad.com\/fr\/certificate-upload-success-french\/","title":{"rendered":"Certificate Upload Success-French"},"content":{"rendered":"<p>[et_pb_section fb_built=\u00a0\u00bb1&Prime; _builder_version=\u00a0\u00bb4.23.3&Prime; _module_preset=\u00a0\u00bbdefault\u00a0\u00bb background_color=\u00a0\u00bb#c74f0a\u00a0\u00bb custom_margin=\u00a0\u00bb0px||0px||false|false\u00a0\u00bb custom_padding=\u00a0\u00bb10px||10px||false|false\u00a0\u00bb sticky_position=\u00a0\u00bbtop\u00a0\u00bb da_disable_devices=\u00a0\u00bboff|off|off\u00a0\u00bb saved_tabs=\u00a0\u00bball\u00a0\u00bb global_colors_info=\u00a0\u00bb{}\u00a0\u00bb da_is_popup=\u00a0\u00bboff\u00a0\u00bb da_exit_intent=\u00a0\u00bboff\u00a0\u00bb da_has_close=\u00a0\u00bbon\u00a0\u00bb da_alt_close=\u00a0\u00bboff\u00a0\u00bb da_dark_close=\u00a0\u00bboff\u00a0\u00bb da_not_modal=\u00a0\u00bbon\u00a0\u00bb da_is_singular=\u00a0\u00bboff\u00a0\u00bb da_with_loader=\u00a0\u00bboff\u00a0\u00bb da_has_shadow=\u00a0\u00bbon\u00a0\u00bb][et_pb_row column_structure=\u00a0\u00bb1_2,1_2&Prime; custom_padding_last_edited=\u00a0\u00bbon|desktop\u00a0\u00bb module_class=\u00a0\u00bbtwo-col-mob two-col-tab\u00a0\u00bb _builder_version=\u00a0\u00bb4.27.4&Prime; _module_preset=\u00a0\u00bbdefault\u00a0\u00bb width=\u00a0\u00bb100%\u00a0\u00bb max_width=\u00a0\u00bb1950px\u00a0\u00bb custom_margin=\u00a0\u00bb0px||0px||false|false\u00a0\u00bb custom_margin_tablet=\u00a0\u00bb\u00a0\u00bb custom_margin_phone=\u00a0\u00bb\u00a0\u00bb custom_margin_last_edited=\u00a0\u00bbon|tablet\u00a0\u00bb custom_padding=\u00a0\u00bb2px|16px|2px|30px|false|false\u00a0\u00bb custom_padding_tablet=\u00a0\u00bb|10px||20px|false|false\u00a0\u00bb custom_padding_phone=\u00a0\u00bb|5px||20px|false|false\u00a0\u00bb global_colors_info=\u00a0\u00bb{}\u00a0\u00bb][et_pb_column type=\u00a0\u00bb1_2&Prime; _builder_version=\u00a0\u00bb4.27.4&Prime; _module_preset=\u00a0\u00bbdefault\u00a0\u00bb global_colors_info=\u00a0\u00bb{}\u00a0\u00bb][et_pb_image src=\u00a0\u00bbhttps:\/\/towtruck-staging.tangiblelaunchpad.com\/wp-content\/uploads\/2024\/03\/MENU-HEADER-powered-by-WM.png\u00a0\u00bb title_text=\u00a0\u00bbMENU HEADER-powered by WM\u00a0\u00bb url=\u00a0\u00bb@ET-DC@eyJkeW5hbWljIjp0cnVlLCJjb250ZW50IjoiaG9tZV91cmwiLCJzZXR0aW5ncyI6e319@\u00a0\u00bb align_tablet=\u00a0\u00bbleft\u00a0\u00bb align_phone=\u00a0\u00bbleft\u00a0\u00bb align_last_edited=\u00a0\u00bbon|desktop\u00a0\u00bb _builder_version=\u00a0\u00bb4.27.4&Prime; _dynamic_attributes=\u00a0\u00bburl\u00a0\u00bb _module_preset=\u00a0\u00bbdefault\u00a0\u00bb width=\u00a0\u00bb33%\u00a0\u00bb width_tablet=\u00a0\u00bb60%\u00a0\u00bb width_phone=\u00a0\u00bb100%\u00a0\u00bb width_last_edited=\u00a0\u00bbon|tablet\u00a0\u00bb global_colors_info=\u00a0\u00bb{}\u00a0\u00bb][\/et_pb_image][\/et_pb_column][et_pb_column type=\u00a0\u00bb1_2&Prime; _builder_version=\u00a0\u00bb4.27.4&Prime; _module_preset=\u00a0\u00bbdefault\u00a0\u00bb custom_css_free_form=\u00a0\u00bbselector{||  display: flex;||  justify-content: flex-end;||  align-items: center;||  gap: 1rem;||}\u00a0\u00bb global_colors_info=\u00a0\u00bb{}\u00a0\u00bb][et_pb_menu menu_id=\u00a0\u00bb568&Prime; menu_style=\u00a0\u00bbcentered\u00a0\u00bb active_link_color=\u00a0\u00bb#FFFFFF\u00a0\u00bb dropdown_menu_bg_color=\u00a0\u00bb#C74F0A\u00a0\u00bb dropdown_menu_line_color=\u00a0\u00bb#C74F0A\u00a0\u00bb dropdown_menu_text_color=\u00a0\u00bb#FFFFFF\u00a0\u00bb dropdown_menu_active_link_color=\u00a0\u00bb#FFFFFF\u00a0\u00bb mobile_menu_bg_color=\u00a0\u00bb#C74F0A\u00a0\u00bb mobile_menu_text_color=\u00a0\u00bb#FFFFFF\u00a0\u00bb show_cart_icon=\u00a0\u00bbon\u00a0\u00bb cart_icon_color=\u00a0\u00bb#FFFFFF\u00a0\u00bb menu_icon_color=\u00a0\u00bb#FFFFFF\u00a0\u00bb _builder_version=\u00a0\u00bb4.27.4&Prime; _module_preset=\u00a0\u00bbdefault\u00a0\u00bb menu_font=\u00a0\u00bbKanit|600|||||||\u00a0\u00bb menu_text_color=\u00a0\u00bb#FFFFFF\u00a0\u00bb menu_font_size=\u00a0\u00bb16px\u00a0\u00bb background_color=\u00a0\u00bb#c74f0a\u00a0\u00bb custom_margin=\u00a0\u00bb|0px|0px||false|false\u00a0\u00bb custom_margin_tablet=\u00a0\u00bb|-150px|0px||false|false\u00a0\u00bb custom_margin_phone=\u00a0\u00bb|-20px|0px||false|false\u00a0\u00bb custom_margin_last_edited=\u00a0\u00bbon|desktop\u00a0\u00bb custom_padding=\u00a0\u00bb12px||||false|false\u00a0\u00bb custom_padding_tablet=\u00a0\u00bb8px||||false|false\u00a0\u00bb custom_padding_phone=\u00a0\u00bb3px||||false|false\u00a0\u00bb custom_padding_last_edited=\u00a0\u00bbon|tablet\u00a0\u00bb global_colors_info=\u00a0\u00bb{}\u00a0\u00bb][\/et_pb_menu][et_pb_text _builder_version=\u00a0\u00bb4.27.4&Prime; _module_preset=\u00a0\u00bbdefault\u00a0\u00bb text_font=\u00a0\u00bbKanit|600|||||||\u00a0\u00bb custom_padding=\u00a0\u00bb12px||||false|false\u00a0\u00bb custom_css_free_form=\u00a0\u00bbselector p:first-child,||selector p:last-child{||  margin: 0;||}||||selector .wpml-ls{||  padding: 0;||}||||selector .wpml-ls ul{||  padding: 0;||}\u00a0\u00bb global_colors_info=\u00a0\u00bb{}\u00a0\u00bb]<\/p>\n\n<div class=\"wpml-ls-statics-shortcode_actions wpml-ls wpml-ls-legacy-list-horizontal\">\n\t<ul><li class=\"wpml-ls-slot-shortcode_actions wpml-ls-item wpml-ls-item-en wpml-ls-first-item wpml-ls-item-legacy-list-horizontal\">\n\t\t\t\t<a href=\"https:\/\/towtruck-staging.tangiblelaunchpad.com\/\" class=\"wpml-ls-link\">\n                                            <img decoding=\"async\"\n            class=\"wpml-ls-flag\"\n            src=\"https:\/\/towtruck-staging.tangiblelaunchpad.com\/wp-content\/plugins\/sitepress-multilingual-cms\/res\/flags\/en.svg\"\n            alt=\"\"\n            width=20\n            \n    \/><span class=\"wpml-ls-native\" lang=\"en\">English<\/span><\/a>\n\t\t\t<\/li><li class=\"wpml-ls-slot-shortcode_actions wpml-ls-item wpml-ls-item-fr wpml-ls-current-language wpml-ls-last-item wpml-ls-item-legacy-list-horizontal\">\n\t\t\t\t<a href=\"https:\/\/towtruck-staging.tangiblelaunchpad.com\/fr\/\" class=\"wpml-ls-link\">\n                                            <img decoding=\"async\"\n            class=\"wpml-ls-flag\"\n            src=\"https:\/\/towtruck-staging.tangiblelaunchpad.com\/wp-content\/plugins\/sitepress-multilingual-cms\/res\/flags\/fr.svg\"\n            alt=\"\"\n            width=20\n            \n    \/><span class=\"wpml-ls-native\">Fran\u00e7ais<\/span><\/a>\n\t\t\t<\/li><\/ul>\n<\/div>\n\n<p>[\/et_pb_text][\/et_pb_column][\/et_pb_row][\/et_pb_section][et_pb_section fb_built=\u00a0\u00bb1&Prime; admin_label=\u00a0\u00bbsection\u00a0\u00bb _builder_version=\u00a0\u00bb4.16&Prime; da_disable_devices=\u00a0\u00bboff|off|off\u00a0\u00bb global_colors_info=\u00a0\u00bb{}\u00a0\u00bb da_is_popup=\u00a0\u00bboff\u00a0\u00bb da_exit_intent=\u00a0\u00bboff\u00a0\u00bb da_has_close=\u00a0\u00bbon\u00a0\u00bb da_alt_close=\u00a0\u00bboff\u00a0\u00bb da_dark_close=\u00a0\u00bboff\u00a0\u00bb da_not_modal=\u00a0\u00bbon\u00a0\u00bb da_is_singular=\u00a0\u00bboff\u00a0\u00bb da_with_loader=\u00a0\u00bboff\u00a0\u00bb da_has_shadow=\u00a0\u00bbon\u00a0\u00bb][et_pb_row admin_label=\u00a0\u00bbrow\u00a0\u00bb _builder_version=\u00a0\u00bb4.25.1&Prime; background_size=\u00a0\u00bbinitial\u00a0\u00bb background_position=\u00a0\u00bbtop_left\u00a0\u00bb background_repeat=\u00a0\u00bbrepeat\u00a0\u00bb custom_margin=\u00a0\u00bb60px||10px||false|false\u00a0\u00bb custom_padding=\u00a0\u00bb||0px||false|false\u00a0\u00bb global_colors_info=\u00a0\u00bb{}\u00a0\u00bb][et_pb_column type=\u00a0\u00bb4_4&Prime; _builder_version=\u00a0\u00bb4.16&Prime; custom_padding=\u00a0\u00bb|||\u00a0\u00bb global_colors_info=\u00a0\u00bb{}\u00a0\u00bb custom_padding__hover=\u00a0\u00bb|||\u00a0\u00bb][et_pb_image src=\u00a0\u00bbhttps:\/\/towtruck-staging.tangiblelaunchpad.com\/wp-content\/uploads\/2024\/11\/stars.png\u00a0\u00bb title_text=\u00a0\u00bbstars\u00a0\u00bb align=\u00a0\u00bbcenter\u00a0\u00bb _builder_version=\u00a0\u00bb4.25.1&Prime; _module_preset=\u00a0\u00bbdefault\u00a0\u00bb width=\u00a0\u00bb18%\u00a0\u00bb width_tablet=\u00a0\u00bb25%\u00a0\u00bb width_phone=\u00a0\u00bb40%\u00a0\u00bb width_last_edited=\u00a0\u00bbon|phone\u00a0\u00bb custom_margin=\u00a0\u00bb||25px||false|false\u00a0\u00bb global_colors_info=\u00a0\u00bb{}\u00a0\u00bb][\/et_pb_image][et_pb_text admin_label=\u00a0\u00bbText\u00a0\u00bb _builder_version=\u00a0\u00bb4.27.4&Prime; text_font=\u00a0\u00bbKanit|600|||||||\u00a0\u00bb text_text_color=\u00a0\u00bb#C74F0A\u00a0\u00bb text_font_size=\u00a0\u00bb42px\u00a0\u00bb background_size=\u00a0\u00bbinitial\u00a0\u00bb background_position=\u00a0\u00bbtop_left\u00a0\u00bb background_repeat=\u00a0\u00bbrepeat\u00a0\u00bb text_font_size_tablet=\u00a0\u00bb42px\u00a0\u00bb text_font_size_phone=\u00a0\u00bb38px\u00a0\u00bb text_font_size_last_edited=\u00a0\u00bbon|phone\u00a0\u00bb global_colors_info=\u00a0\u00bb{}\u00a0\u00bb]<\/p>\n<p style=\"text-align: center;\">F\u00e9licitations\u202f!<\/p>\n<p>[\/et_pb_text][et_pb_text admin_label=\u00a0\u00bbText\u00a0\u00bb _builder_version=\u00a0\u00bb4.27.4&Prime; text_font=\u00a0\u00bbKanit|600|||||||\u00a0\u00bb text_font_size=\u00a0\u00bb24px\u00a0\u00bb background_size=\u00a0\u00bbinitial\u00a0\u00bb background_position=\u00a0\u00bbtop_left\u00a0\u00bb background_repeat=\u00a0\u00bbrepeat\u00a0\u00bb custom_margin=\u00a0\u00bb30px||||false|false\u00a0\u00bb text_font_size_tablet=\u00a0\u00bb22px\u00a0\u00bb text_font_size_phone=\u00a0\u00bb20px\u00a0\u00bb text_font_size_last_edited=\u00a0\u00bbon|phone\u00a0\u00bb global_colors_info=\u00a0\u00bb{}\u00a0\u00bb]<\/p>\n<p style=\"text-align: center;\">Nous avons re\u00e7u votre certificat de formation WreckMaster.<\/p>\n<p>[\/et_pb_text][\/et_pb_column][\/et_pb_row][et_pb_row _builder_version=\u00a0\u00bb4.25.1&Prime; _module_preset=\u00a0\u00bbdefault\u00a0\u00bb width=\u00a0\u00bb35%\u00a0\u00bb width_tablet=\u00a0\u00bb80%\u00a0\u00bb width_phone=\u00a0\u00bb90%\u00a0\u00bb width_last_edited=\u00a0\u00bbon|phone\u00a0\u00bb custom_margin=\u00a0\u00bb0px||80px||false|false\u00a0\u00bb custom_padding=\u00a0\u00bb0px||||false|false\u00a0\u00bb global_colors_info=\u00a0\u00bb{}\u00a0\u00bb][et_pb_column type=\u00a0\u00bb4_4&Prime; _builder_version=\u00a0\u00bb4.25.1&Prime; _module_preset=\u00a0\u00bbdefault\u00a0\u00bb global_colors_info=\u00a0\u00bb{}\u00a0\u00bb][et_pb_text admin_label=\u00a0\u00bbText\u00a0\u00bb _builder_version=\u00a0\u00bb4.27.4&Prime; text_font_size=\u00a0\u00bb18px\u00a0\u00bb background_size=\u00a0\u00bbinitial\u00a0\u00bb background_position=\u00a0\u00bbtop_left\u00a0\u00bb background_repeat=\u00a0\u00bbrepeat\u00a0\u00bb global_colors_info=\u00a0\u00bb{}\u00a0\u00bb]<\/p>\n<p style=\"text-align: center;\"><strong>Un membre de notre \u00e9quipe examinera votre certificat de formation et s\u2019assurera des informations suivantes.<\/strong><\/p>\n<p>[\/et_pb_text][et_pb_text admin_label=\u00a0\u00bbText\u00a0\u00bb _builder_version=\u00a0\u00bb4.27.4&Prime; background_size=\u00a0\u00bbinitial\u00a0\u00bb background_position=\u00a0\u00bbtop_left\u00a0\u00bb background_repeat=\u00a0\u00bbrepeat\u00a0\u00bb global_colors_info=\u00a0\u00bb{}\u00a0\u00bb]<\/p>\n<p style=\"text-align: center;\">&gt;&gt; La date de la formation sur le certificat se situe entre le 1er <strong>juillet 2021<\/strong> et le <strong>30 juin 2024<\/strong>.<\/p>\n<p>[\/et_pb_text][et_pb_text admin_label=\u00a0\u00bbText\u00a0\u00bb _builder_version=\u00a0\u00bb4.27.4&Prime; background_size=\u00a0\u00bbinitial\u00a0\u00bb background_position=\u00a0\u00bbtop_left\u00a0\u00bb background_repeat=\u00a0\u00bbrepeat\u00a0\u00bb global_colors_info=\u00a0\u00bb{}\u00a0\u00bb]<\/p>\n<p style=\"text-align: center;\">&gt;&gt; Niveaux pratiques approuv\u00e9s WreckMaster 2\/3, 4\/5, 6\/7, 8\/9<\/p>\n<p>[\/et_pb_text][et_pb_text admin_label=\u00a0\u00bbText\u00a0\u00bb _builder_version=\u00a0\u00bb4.27.4&Prime; background_size=\u00a0\u00bbinitial\u00a0\u00bb background_position=\u00a0\u00bbtop_left\u00a0\u00bb background_repeat=\u00a0\u00bbrepeat\u00a0\u00bb custom_margin=\u00a0\u00bb40px||||false|false\u00a0\u00bb global_colors_info=\u00a0\u00bb{}\u00a0\u00bb]<\/p>\n<p style=\"text-align: center;\">Une fois que nous aurons d\u00e9termin\u00e9 si les informations de votre certificat de formation sont compl\u00e8tes, un membre de notre \u00e9quipe vous contactera par courriel pour vous informer de la mise \u00e0 jour ou de la possibilit\u00e9 de t\u00e9l\u00e9charger vos informations de formation sur le portail du MTO.<\/p>\n<p>[\/et_pb_text][et_pb_button button_url=\u00a0\u00bbhttps:\/\/towtruck-staging.tangiblelaunchpad.com\/fr\/\u00a0\u00bb button_text=\u00a0\u00bbRetour \u00e0 la page d\u2019accueil\u00a0\u00bb button_alignment=\u00a0\u00bbcenter\u00a0\u00bb _builder_version=\u00a0\u00bb4.27.4&Prime; _module_preset=\u00a0\u00bbdefault\u00a0\u00bb custom_margin=\u00a0\u00bb50px||||false|false\u00a0\u00bb custom_padding=\u00a0\u00bb|60px||60px|false|false\u00a0\u00bb hover_enabled=\u00a0\u00bb0&Prime; global_colors_info=\u00a0\u00bb{}\u00a0\u00bb sticky_enabled=\u00a0\u00bb0&Prime;][\/et_pb_button][\/et_pb_column][\/et_pb_row][\/et_pb_section]<\/p>\n","protected":false},"excerpt":{"rendered":"<p>\n<div class=\"wpml-ls-statics-shortcode_actions wpml-ls wpml-ls-legacy-list-horizontal\">\n\t<ul><li class=\"wpml-ls-slot-shortcode_actions wpml-ls-item wpml-ls-item-en wpml-ls-first-item wpml-ls-item-legacy-list-horizontal\">\n\t\t\t\t<a href=\"https:\/\/towtruck-staging.tangiblelaunchpad.com\/\" class=\"wpml-ls-link\">\n                                            <img decoding=\"async\"\n            class=\"wpml-ls-flag\"\n            src=\"https:\/\/towtruck-staging.tangiblelaunchpad.com\/wp-content\/plugins\/sitepress-multilingual-cms\/res\/flags\/en.svg\"\n            alt=\"\"\n            width=20\n            \n    \/><span class=\"wpml-ls-native\" lang=\"en\">English<\/span><\/a>\n\t\t\t<\/li><li class=\"wpml-ls-slot-shortcode_actions wpml-ls-item wpml-ls-item-fr wpml-ls-current-language wpml-ls-last-item wpml-ls-item-legacy-list-horizontal\">\n\t\t\t\t<a href=\"https:\/\/towtruck-staging.tangiblelaunchpad.com\/fr\/\" class=\"wpml-ls-link\">\n                                            <img decoding=\"async\"\n            class=\"wpml-ls-flag\"\n            src=\"https:\/\/towtruck-staging.tangiblelaunchpad.com\/wp-content\/plugins\/sitepress-multilingual-cms\/res\/flags\/fr.svg\"\n            alt=\"\"\n            width=20\n            \n    \/><span class=\"wpml-ls-native\">Fran\u00e7ais<\/span><\/a>\n\t\t\t<\/li><\/ul>\n<\/div>\nF\u00e9licitations\u202f!Nous avons re\u00e7u votre certificat de formation WreckMaster.Un membre de notre \u00e9quipe examinera votre certificat de formation et s\u2019assurera des informations suivantes.&gt;&gt; La date de la formation sur le certificat [&hellip;]<\/p>\n","protected":false},"author":3,"featured_media":0,"parent":0,"menu_order":0,"comment_status":"closed","ping_status":"closed","template":"","meta":{"_bbp_topic_count":0,"_bbp_reply_count":0,"_bbp_total_topic_count":0,"_bbp_total_reply_count":0,"_bbp_voice_count":0,"_bbp_anonymous_reply_count":0,"_bbp_topic_count_hidden":0,"_bbp_reply_count_hidden":0,"_bbp_forum_subforum_count":0,"_et_pb_use_builder":"on","_et_pb_old_content":"","_et_gb_content_width":"","_monsterinsights_skip_tracking":false,"_monsterinsights_sitenote_active":false,"_monsterinsights_sitenote_note":"","_monsterinsights_sitenote_category":0,"_price":"","_stock":"","_tribe_ticket_header":"","_tribe_default_ticket_provider":"Tribe__Tickets_Plus__Commerce__WooCommerce__Main","_tribe_ticket_capacity":"0","_ticket_start_date":"","_ticket_end_date":"","_tribe_ticket_show_description":"","_tribe_ticket_show_not_going":false,"_tribe_ticket_use_global_stock":"","_tribe_ticket_global_stock_level":"","_global_stock_mode":"","_global_stock_cap":"","_tribe_rsvp_for_event":"","_tribe_ticket_going_count":"","_tribe_ticket_not_going_count":"","_tribe_tickets_list":"[]","_tribe_ticket_has_attendee_info_fields":false,"footnotes":"","_tec_slr_enabled":"","_tec_slr_layout":""},"class_list":["post-474749","page","type-page","status-publish","hentry","user-has-not-earned"],"aioseo_notices":[],"yoast_head":"<!-- This site is optimized with the Yoast SEO plugin v24.7 - https:\/\/yoast.com\/wordpress\/plugins\/seo\/ -->\n<title>Certificate Upload Success-French - Tow Truck Driver Training<\/title>\n<meta name=\"robots\" content=\"index, follow, max-snippet:-1, max-image-preview:large, max-video-preview:-1\" \/>\n<link rel=\"canonical\" href=\"https:\/\/towtruck-staging.tangiblelaunchpad.com\/fr\/certificate-upload-success-french\/\" \/>\n<meta property=\"og:locale\" content=\"fr_FR\" \/>\n<meta property=\"og:type\" content=\"article\" \/>\n<meta property=\"og:title\" content=\"Certificate Upload Success-French - Tow Truck Driver Training\" \/>\n<meta property=\"og:description\" content=\"F\u00e9licitations\u202f!Nous avons re\u00e7u votre certificat de formation WreckMaster.Un membre de notre \u00e9quipe examinera votre certificat de formation et s\u2019assurera des informations suivantes.&gt;&gt; La date de la formation sur le certificat [&hellip;]\" \/>\n<meta property=\"og:url\" content=\"https:\/\/towtruck-staging.tangiblelaunchpad.com\/fr\/certificate-upload-success-french\/\" \/>\n<meta property=\"og:site_name\" content=\"Tow Truck Driver Training\" \/>\n<meta property=\"article:modified_time\" content=\"2025-06-02T09:12:25+00:00\" \/>\n<meta name=\"twitter:card\" content=\"summary_large_image\" \/>\n<meta name=\"twitter:label1\" content=\"Dur\u00e9e de lecture estim\u00e9e\" \/>\n\t<meta name=\"twitter:data1\" content=\"2 minutes\" \/>\n<script type=\"application\/ld+json\" class=\"yoast-schema-graph\">{\"@context\":\"https:\/\/schema.org\",\"@graph\":[{\"@type\":\"WebPage\",\"@id\":\"https:\/\/towtruck-staging.tangiblelaunchpad.com\/fr\/certificate-upload-success-french\/\",\"url\":\"https:\/\/towtruck-staging.tangiblelaunchpad.com\/fr\/certificate-upload-success-french\/\",\"name\":\"Certificate Upload Success-French - Tow Truck Driver Training\",\"isPartOf\":{\"@id\":\"https:\/\/towtruck-staging.tangiblelaunchpad.com\/#website\"},\"datePublished\":\"2024-11-19T17:06:44+00:00\",\"dateModified\":\"2025-06-02T09:12:25+00:00\",\"breadcrumb\":{\"@id\":\"https:\/\/towtruck-staging.tangiblelaunchpad.com\/fr\/certificate-upload-success-french\/#breadcrumb\"},\"inLanguage\":\"fr-FR\",\"potentialAction\":[{\"@type\":\"ReadAction\",\"target\":[\"https:\/\/towtruck-staging.tangiblelaunchpad.com\/fr\/certificate-upload-success-french\/\"]}]},{\"@type\":\"BreadcrumbList\",\"@id\":\"https:\/\/towtruck-staging.tangiblelaunchpad.com\/fr\/certificate-upload-success-french\/#breadcrumb\",\"itemListElement\":[{\"@type\":\"ListItem\",\"position\":1,\"name\":\"Home\",\"item\":\"https:\/\/towtruck-staging.tangiblelaunchpad.com\/\"},{\"@type\":\"ListItem\",\"position\":2,\"name\":\"Certificate Upload Success-French\"}]},{\"@type\":\"WebSite\",\"@id\":\"https:\/\/towtruck-staging.tangiblelaunchpad.com\/#website\",\"url\":\"https:\/\/towtruck-staging.tangiblelaunchpad.com\/\",\"name\":\"Tow Truck Driver Training\",\"description\":\"Dedicated to the Professional Development of Tow Owners and Operators\",\"potentialAction\":[{\"@type\":\"SearchAction\",\"target\":{\"@type\":\"EntryPoint\",\"urlTemplate\":\"https:\/\/towtruck-staging.tangiblelaunchpad.com\/?s={search_term_string}\"},\"query-input\":{\"@type\":\"PropertyValueSpecification\",\"valueRequired\":true,\"valueName\":\"search_term_string\"}}],\"inLanguage\":\"fr-FR\"}]}<\/script>\n<!-- \/ Yoast SEO plugin. -->","yoast_head_json":{"title":"Certificate Upload Success-French - Tow Truck Driver Training","robots":{"index":"index","follow":"follow","max-snippet":"max-snippet:-1","max-image-preview":"max-image-preview:large","max-video-preview":"max-video-preview:-1"},"canonical":"https:\/\/towtruck-staging.tangiblelaunchpad.com\/fr\/certificate-upload-success-french\/","og_locale":"fr_FR","og_type":"article","og_title":"Certificate Upload Success-French - Tow Truck Driver Training","og_description":"F\u00e9licitations\u202f!Nous avons re\u00e7u votre certificat de formation WreckMaster.Un membre de notre \u00e9quipe examinera votre certificat de formation et s\u2019assurera des informations suivantes.&gt;&gt; La date de la formation sur le certificat [&hellip;]","og_url":"https:\/\/towtruck-staging.tangiblelaunchpad.com\/fr\/certificate-upload-success-french\/","og_site_name":"Tow Truck Driver Training","article_modified_time":"2025-06-02T09:12:25+00:00","twitter_card":"summary_large_image","twitter_misc":{"Dur\u00e9e de lecture estim\u00e9e":"2 minutes"},"schema":{"@context":"https:\/\/schema.org","@graph":[{"@type":"WebPage","@id":"https:\/\/towtruck-staging.tangiblelaunchpad.com\/fr\/certificate-upload-success-french\/","url":"https:\/\/towtruck-staging.tangiblelaunchpad.com\/fr\/certificate-upload-success-french\/","name":"Certificate Upload Success-French - Tow Truck Driver Training","isPartOf":{"@id":"https:\/\/towtruck-staging.tangiblelaunchpad.com\/#website"},"datePublished":"2024-11-19T17:06:44+00:00","dateModified":"2025-06-02T09:12:25+00:00","breadcrumb":{"@id":"https:\/\/towtruck-staging.tangiblelaunchpad.com\/fr\/certificate-upload-success-french\/#breadcrumb"},"inLanguage":"fr-FR","potentialAction":[{"@type":"ReadAction","target":["https:\/\/towtruck-staging.tangiblelaunchpad.com\/fr\/certificate-upload-success-french\/"]}]},{"@type":"BreadcrumbList","@id":"https:\/\/towtruck-staging.tangiblelaunchpad.com\/fr\/certificate-upload-success-french\/#breadcrumb","itemListElement":[{"@type":"ListItem","position":1,"name":"Home","item":"https:\/\/towtruck-staging.tangiblelaunchpad.com\/"},{"@type":"ListItem","position":2,"name":"Certificate Upload Success-French"}]},{"@type":"WebSite","@id":"https:\/\/towtruck-staging.tangiblelaunchpad.com\/#website","url":"https:\/\/towtruck-staging.tangiblelaunchpad.com\/","name":"Tow Truck Driver Training","description":"Dedicated to the Professional Development of Tow Owners and Operators","potentialAction":[{"@type":"SearchAction","target":{"@type":"EntryPoint","urlTemplate":"https:\/\/towtruck-staging.tangiblelaunchpad.com\/?s={search_term_string}"},"query-input":{"@type":"PropertyValueSpecification","valueRequired":true,"valueName":"search_term_string"}}],"inLanguage":"fr-FR"}]}},"ticketed":false,"_links":{"self":[{"href":"https:\/\/towtruck-staging.tangiblelaunchpad.com\/fr\/wp-json\/wp\/v2\/pages\/474749","targetHints":{"allow":["GET"]}}],"collection":[{"href":"https:\/\/towtruck-staging.tangiblelaunchpad.com\/fr\/wp-json\/wp\/v2\/pages"}],"about":[{"href":"https:\/\/towtruck-staging.tangiblelaunchpad.com\/fr\/wp-json\/wp\/v2\/types\/page"}],"author":[{"embeddable":true,"href":"https:\/\/towtruck-staging.tangiblelaunchpad.com\/fr\/wp-json\/wp\/v2\/users\/3"}],"replies":[{"embeddable":true,"href":"https:\/\/towtruck-staging.tangiblelaunchpad.com\/fr\/wp-json\/wp\/v2\/comments?post=474749"}],"version-history":[{"count":5,"href":"https:\/\/towtruck-staging.tangiblelaunchpad.com\/fr\/wp-json\/wp\/v2\/pages\/474749\/revisions"}],"predecessor-version":[{"id":488573,"href":"https:\/\/towtruck-staging.tangiblelaunchpad.com\/fr\/wp-json\/wp\/v2\/pages\/474749\/revisions\/488573"}],"wp:attachment":[{"href":"https:\/\/towtruck-staging.tangiblelaunchpad.com\/fr\/wp-json\/wp\/v2\/media?parent=474749"}],"curies":[{"name":"wp","href":"https:\/\/api.w.org\/{rel}","templated":true}]}}